{"id":1129,"date":"2019-06-22T13:11:52","date_gmt":"2019-06-22T12:11:52","guid":{"rendered":"http:\/\/confrariadopaodaregueifaedobiscoitodevalongo.com\/confraria\/?page_id=1129"},"modified":"2026-01-03T00:40:30","modified_gmt":"2026-01-02T23:40:30","slug":"agenda","status":"publish","type":"page","link":"https:\/\/confrariadopaodaregueifaedobiscoitodevalongo.com\/confraria\/agenda\/","title":{"rendered":"Agenda de Cap\u00edtulos"},"content":{"rendered":"<p><strong>Capitulos 2026<\/strong><\/p>\n<p><strong>JANEIRO &#8211; 2026<\/strong><\/p>\n<p><span data-ogsc=\"rgb(58, 126, 44)\">(C)<\/span> Dia 17 &#8211; Confraria da Foga\u00e7a da Feira (Santa Maria da Feira) &#8211; <strong>Inscritos:<\/strong> Hil\u00e1rio Coelho + Ana Santos<\/p>\n<p><span data-ogsc=\"rgb(58, 126, 44)\">(C)<\/span> Dia 17 &#8211; Cap\u00edtulo da Confraria dos Sabores da Ab\u00f3bora<\/p>\n<p><span data-ogsc=\"rgb(58, 126, 44)\">(C)<\/span> Dia 24 &#8211; Cap\u00edtulo da Confraria Gastron\u00f3mica do Bacalhau (Ilhavo)<\/p>\n<p><span data-ogsc=\"rgb(58, 126, 44)\">(C)<\/span> Dia 25 &#8211; Cap\u00edtulo da Confraria Gastron\u00f3mica dos Roj\u00f5es e Papas de Sarrabulho Baguim do Monte<\/p>\n<p><strong>FEVEREIRO &#8211; 2026<\/strong><\/p>\n<p><span data-ogsc=\"rgb(13, 135, 217)\">(E)<\/span> Dia 07 a 08 &#8211; III Encontro Confr\u00e1dico Romaria a S\u00e3o Br\u00e1s | Montes &#8211; Trancoso<\/p>\n<p><span data-ogsc=\"rgb(58, 126, 44)\">(C)<\/span> Dia 08 &#8211; Cap\u00edtulo da Confraria do Vinho de Lamas (Miranda do Corvo)<\/p>\n<p><span data-ogsc=\"rgb(58, 126, 44)\">(C)<\/span> Dia 15 &#8211; Cap\u00edtulo da Confraria do Butelo e da Cas\u00fala (Bragan\u00e7a)<\/p>\n<p><span data-ogsc=\"rgb(58, 126, 44)\">(C)<\/span> Dia 21 &#8211; Cap\u00edtulo da Confraria do Atum de VRSA (Vila Real Santo Ant\u00f3nio)<\/p>\n<p><span data-ogsc=\"rgb(58, 126, 44)\">(C)<\/span> Dia 21 &#8211; Cap\u00edtulo da Confraria dos Roj\u00f5es da Bairrada com Grelo e Batata \u00e0 Racha<\/p>\n<p><strong>ABRIL &#8211; 2026<\/strong><\/p>\n<p><span data-ogsc=\"rgb(58, 126, 44)\">(C)<\/span> Dia 26 &#8211; Cap\u00edtulo da Confraria dos Amigos da Capeia Arraiana (Forcalhos)<\/p>\n<p><strong>MAIO &#8211; 2026<\/strong><\/p>\n<p><span data-ogsc=\"rgb(58, 126, 44)\">(C)<\/span> Dia 24 &#8211; Cap\u00edtulo da Confraria Gastron\u00f3mica Pinhal do Rei e da Morcela de Arroz (Leiria)<\/p>\n<p><strong>JUNHO &#8211; 2026<\/strong><\/p>\n<p><span data-ogsc=\"rgb(58, 126, 44)\">(C)<\/span> Dia 14 &#8211; Cap\u00edtulo da Confraria da Sopa do Vidreiro (Marinha Grande)<\/p>\n<p><span data-ogsc=\"rgb(58, 126, 44)\">(C)<\/span> Dia 20 &#8211; Cap\u00edtulo da Confraria do Covilhete (Vila Real)<\/p>\n<p><span data-ogsc=\"rgb(58, 126, 44)\">(C)<\/span> Dia 20 &#8211; Cap\u00edtulo da Confraria Gastron\u00f3mica do Concelho de Ovar<\/p>\n<p><span data-ogsc=\"rgb(58, 126, 44)\">(C)<\/span> Dia 27 &#8211; Cap\u00edtulo da Confraria das Febras e Enogastronomia de Mangualde<\/p>\n<p><strong>AGOSTO &#8211; 2026<\/strong><\/p>\n<p><span data-ogsc=\"rgb(58, 126, 44)\">(C)<\/span> Dia 29 &#8211; Cap\u00edtulo da Confraria do Presunto e da Cebola do T\u00e2mega e Sousa (Penafiel)<\/p>\n<p><strong>SETEMBRO &#8211; 2026<\/strong><\/p>\n<p><span data-ogsc=\"rgb(58, 126, 44)\">(C)<\/span> Dia 19 &#8211; Confraria Gastron\u00f3mica do Frango do Campo (Oliveira de Frades)<\/p>\n<p><span data-ogsc=\"rgb(58, 126, 44)\">(C)<\/span> Dia 19 &#8211; Cap\u00edtulo da Confraria Gastron\u00f3mica da Serra do Caldeir\u00e3o (Cachopo &#8211; Tavira)<\/p>\n<p><strong>OUTUBRO &#8211; 2026<\/strong><\/p>\n<p><span data-ogsc=\"rgb(58, 126, 44)\">(C)<\/span> Dia 24 &#8211; Cap\u00edtulo da Confraria dos Amigos da Guia e do Frango da Freguesia (Albufeira)<\/p>\n<p><strong>NOTA:<\/strong><\/p>\n<p><span class=\"font5\">1- <\/span><span class=\"font6\">A CPRBV em forma de ajuda \u00e0 desloca\u00e7\u00e3o, contribui com uma verba at\u00e9 70\u20ac por cap\u00edtulo sendo esta verba atribu\u00edda a uma viatura ou dividida por\u00a0<\/span>duas se n\u00e3o houver partilha ( esta comparticipa\u00e7\u00e3o \u00e9 feita atrav\u00e9s da an\u00e1lise de km\u00b4s do site via michelin e para valores acima de 10\u20ac)<span class=\"font5\">2-<\/span><span class=\"font6\"> Sabia que cada representa\u00e7\u00e3o em Cap\u00edtulos de outras confrarias confere um desconto de 25% na Quota anual da CPRBV?<\/span><span class=\"font5\">3- <\/span><span class=\"font6\">A visita a 4 Cap\u00edtulos de outras Confrarias origina a isen\u00e7\u00e3o de pagamento de quotas.<\/span><\/p>\n<p>Qualquer d\u00favida envie um email para geral@confrariadevalongo.com<\/p>\n<p>Actualizado 07\/01\/25<\/p>\n ","protected":false},"excerpt":{"rendered":"<p>Capitulos 2026 JANEIRO &#8211; 2026 (C) Dia 17 &#8211; Confraria da Foga\u00e7a da Feira (Santa&#8230;<\/p>\n","protected":false},"author":1,"featured_media":0,"parent":0,"menu_order":0,"comment_status":"closed","ping_status":"closed","template":"","meta":[],"_links":{"self":[{"href":"https:\/\/confrariadopaodaregueifaedobiscoitodevalongo.com\/confraria\/wp-json\/wp\/v2\/pages\/1129"}],"collection":[{"href":"https:\/\/confrariadopaodaregueifaedobiscoitodevalongo.com\/confraria\/wp-json\/wp\/v2\/pages"}],"about":[{"href":"https:\/\/confrariadopaodaregueifaedobiscoitodevalongo.com\/confraria\/wp-json\/wp\/v2\/types\/page"}],"author":[{"embeddable":true,"href":"https:\/\/confrariadopaodaregueifaedobiscoitodevalongo.com\/confraria\/wp-json\/wp\/v2\/users\/1"}],"replies":[{"embeddable":true,"href":"https:\/\/confrariadopaodaregueifaedobiscoitodevalongo.com\/confraria\/wp-json\/wp\/v2\/comments?post=1129"}],"version-history":[{"count":149,"href":"https:\/\/confrariadopaodaregueifaedobiscoitodevalongo.com\/confraria\/wp-json\/wp\/v2\/pages\/1129\/revisions"}],"predecessor-version":[{"id":1498,"href":"https:\/\/confrariadopaodaregueifaedobiscoitodevalongo.com\/confraria\/wp-json\/wp\/v2\/pages\/1129\/revisions\/1498"}],"wp:attachment":[{"href":"https:\/\/confrariadopaodaregueifaedobiscoitodevalongo.com\/confraria\/wp-json\/wp\/v2\/media?parent=1129"}],"curies":[{"name":"wp","href":"https:\/\/api.w.org\/{rel}","templated":true}]}}