{"id":1415,"date":"2024-03-03T23:29:38","date_gmt":"2024-03-03T22:29:38","guid":{"rendered":"https:\/\/confrariadopaodaregueifaedobiscoitodevalongo.com\/confraria\/?page_id=1415"},"modified":"2024-03-04T00:04:45","modified_gmt":"2024-03-03T23:04:45","slug":"mensagem-padeiro-mor","status":"publish","type":"page","link":"https:\/\/confrariadopaodaregueifaedobiscoitodevalongo.com\/confraria\/mensagem-padeiro-mor\/","title":{"rendered":"Mensagem da Padeiro Mor"},"content":{"rendered":"<p>[vc_row][vc_column width=&#8221;2\/3&#8243;][vc_column_text]<\/p>\n<h3 style=\"text-align: justify;\">Mensagem do Padeiro Mor<\/h3>\n<p>\u00c9 com profundo orgulho e humildade que aceitei a responsabilidade de assumir a presid\u00eancia da Confraria do P\u00e3o da Regueifa e do Biscoito de Valongo, auxiliado por uma <a href=\"https:\/\/confrariadopaodaregueifaedobiscoitodevalongo.com\/confraria\/orgaos-sociais\/\">equipa fant\u00e1stica<\/a>.<\/p>\n<p><img loading=\"lazy\" class=\" wp-image-1417 alignleft\" src=\"https:\/\/confrariadopaodaregueifaedobiscoitodevalongo.com\/confraria\/wp-content\/uploads\/2024\/03\/bruno__Padeiro_Mor-removebg-preview-300x285.png\" alt=\"\" width=\"259\" height=\"246\" srcset=\"https:\/\/confrariadopaodaregueifaedobiscoitodevalongo.com\/confraria\/wp-content\/uploads\/2024\/03\/bruno__Padeiro_Mor-removebg-preview-300x285.png 300w, https:\/\/confrariadopaodaregueifaedobiscoitodevalongo.com\/confraria\/wp-content\/uploads\/2024\/03\/bruno__Padeiro_Mor-removebg-preview.png 513w\" sizes=\"(max-width: 259px) 100vw, 259px\" \/>A Confraria do P\u00e3o da Regueifa e do Biscoito de Valongo representa n\u00e3o apenas uma tradi\u00e7\u00e3o gastron\u00f3mica, mas tamb\u00e9m uma das almas bem como uma das identidades do concelho de Valongo.<\/p>\n<p>Ao longo dos anos, temos preservado e divulgado com dedica\u00e7\u00e3o e paix\u00e3o as nossas iguarias, transmitindo-o de forma afincada. No entanto, reconhe\u00e7o que temos ainda um longo caminho a percorrer. O nosso objetivo \u00e9 claro: valorizar ainda mais a nossa confraria, dar-lhe mais visibilidade e atividade tanto a n\u00edvel local como nacional.<\/p>\n<p>Para alcan\u00e7ar este objetivo ambicioso, precisamos de trabalhar em conjunto, unindo esfor\u00e7os e ideias para promover a excel\u00eancia dos nossos produtos e a riqueza da nossa cultura gastron\u00f3mica.<\/p>\n<p>Pretendemos fortalecer as parcerias existentes e criar novas.<\/p>\n<p>\u00c9 fundamental ampliarmos a nossa presen\u00e7a em eventos e feiras gastron\u00f3micas, levando o sabor \u00fanico do nosso p\u00e3o, da regueifa e do biscoito de Valongo a novos p\u00fablicos em todo o pa\u00eds. Devemos explorar tamb\u00e9m oportunidades de colabora\u00e7\u00e3o com outras confrarias e associa\u00e7\u00f5es similares, enriquecendo o interc\u00e2mbio de conhecimentos e experi\u00eancias.<\/p>\n<p>No entanto, n\u00e3o podemos esquecer as nossas ra\u00edzes e o compromisso com a comunidade local. Pretendemos continuar a desenvolver projetos que envolvam os nossos jovens, promovendo workshops de panifica\u00e7\u00e3o e atividades educativas que transmitam o respeito pela tradi\u00e7\u00e3o e o amor pela nossa terra.<\/p>\n<p>Por \u00faltimo, queremos igualmente trazer a Confraria para os Confrades.<\/p>\n<p>Com determina\u00e7\u00e3o, paix\u00e3o e trabalho \u00e1rduo, estamos prontos para enfrentar os desafios que se avizinham e transformar os nossos sonhos em realidade dando continuidade ao trabalho at\u00e9 aqui assegurado pela anterior Dire\u00e7\u00e3o.<\/p>\n<p>Que a Confraria do P\u00e3o da Regueifa e do Biscoito de Valongo continue a ser um s\u00edmbolo de excel\u00eancia e orgulho para o nosso Concelho e para todo o Pa\u00eds.<\/p>\n<p>Acedeu a este s\u00edtio com o objetivo de conhecer a Confraria do P\u00e3o, da Regueifa e do Biscoito de Valongo (CPRBV). Como Presidente da Dire\u00e7\u00e3o \u2013 Padeira Mor \u2013 dou-lhe as boas vindas.<\/p>\n<p>&nbsp;<\/p>\n<p><em>Bruno Silva<\/em><br \/>\nPadeiro Mor[\/vc_column_text][\/vc_column][vc_column width=&#8221;1\/3&#8243;][vc_widget_sidebar sidebar_id=&#8221;otw-sidebar-1&#8243;][\/vc_column][\/vc_row]<\/p>\n ","protected":false},"excerpt":{"rendered":"<p>[vc_row][vc_column width=&#8221;2\/3&#8243;][vc_column_text] Mensagem do Padeiro Mor \u00c9 com profundo orgulho e humildade que aceitei a&#8230;<\/p>\n","protected":false},"author":1,"featured_media":0,"parent":0,"menu_order":0,"comment_status":"closed","ping_status":"closed","template":"","meta":[],"_links":{"self":[{"href":"https:\/\/confrariadopaodaregueifaedobiscoitodevalongo.com\/confraria\/wp-json\/wp\/v2\/pages\/1415"}],"collection":[{"href":"https:\/\/confrariadopaodaregueifaedobiscoitodevalongo.com\/confraria\/wp-json\/wp\/v2\/pages"}],"about":[{"href":"https:\/\/confrariadopaodaregueifaedobiscoitodevalongo.com\/confraria\/wp-json\/wp\/v2\/types\/page"}],"author":[{"embeddable":true,"href":"https:\/\/confrariadopaodaregueifaedobiscoitodevalongo.com\/confraria\/wp-json\/wp\/v2\/users\/1"}],"replies":[{"embeddable":true,"href":"https:\/\/confrariadopaodaregueifaedobiscoitodevalongo.com\/confraria\/wp-json\/wp\/v2\/comments?post=1415"}],"version-history":[{"count":3,"href":"https:\/\/confrariadopaodaregueifaedobiscoitodevalongo.com\/confraria\/wp-json\/wp\/v2\/pages\/1415\/revisions"}],"predecessor-version":[{"id":1419,"href":"https:\/\/confrariadopaodaregueifaedobiscoitodevalongo.com\/confraria\/wp-json\/wp\/v2\/pages\/1415\/revisions\/1419"}],"wp:attachment":[{"href":"https:\/\/confrariadopaodaregueifaedobiscoitodevalongo.com\/confraria\/wp-json\/wp\/v2\/media?parent=1415"}],"curies":[{"name":"wp","href":"https:\/\/api.w.org\/{rel}","templated":true}]}}