{"id":373,"date":"2015-08-17T16:54:00","date_gmt":"2015-08-17T15:54:00","guid":{"rendered":"http:\/\/tommustester.wpengine.com\/?page_id=373"},"modified":"2024-03-11T01:26:36","modified_gmt":"2024-03-11T00:26:36","slug":"home-layout-1-2","status":"publish","type":"page","link":"https:\/\/confrariadopaodaregueifaedobiscoitodevalongo.com\/confraria\/","title":{"rendered":"Bem vindo \u00e0 Confraria"},"content":{"rendered":"<p>[vc_row hygge_layout=&#8221;full&#8221;][vc_column][rev_slider_vc alias=&#8221;FullScreenSlider&#8221;][\/vc_column][\/vc_row][vc_row hygge_layout=&#8221;half&#8221; css=&#8221;.vc_custom_1462667310713{background-image: url(https:\/\/confrariadopaodaregueifaedobiscoitodevalongo.com\/confraria\/wp-content\/uploads\/2015\/08\/esquerda-padeira.png?id=727) !important;}&#8221;][vc_column][vc_column_text]<\/p>\n<h3>A Confraria<\/h3>\n<p>Ainda est\u00e1 na mem\u00f3ria das gentes do Porto as padeiras de Valongo que, com \u201ccanastras\u201d \u00e0 cabe\u00e7a, vendiam, pelas ruas da cidade, os seus produtos de elei\u00e7\u00e3o.<\/p>\n<p style=\"text-align: justify;\">O p\u00e3o de Valongo, do qual se destaca a afamada regueifa e os biscoitos de Valongo, \u00e9 um patrim\u00f3nio material e imaterial que urge preservar e manter bem vivo na mem\u00f3ria das gentes. Para que este legado n\u00e3o se perca, um grupo de valonguenses, ligado a v\u00e1rias \u00e1reas profissionais, uniu-se com o intuito de o preservar, defender e promover.<\/p>\n<p style=\"text-align: justify;\">\u00a0Assim, a 4 de junho de 2015 materializaram essa inten\u00e7\u00e3o com a cria\u00e7\u00e3o de uma Associa\u00e7\u00e3o, sendo essa a \u201cprimeira fornada\u201d da CONFRARIA DO P\u00c3O, DA REGUEIFA E DO BISCOITO. A esses juntaram-se outros, pelo que, passado um ano, mais precisamente no pr\u00f3ximo dia 4 de junho (2016), realizar-se-\u00e1 o I Cap\u00edtulo, em que v\u00e3o ser entronizados mais de cem Confrades, entre Confrades Fundadores e Honor\u00e1rios.<\/p>\n<p>[\/vc_column_text][vc_video link=&#8221;https:\/\/youtu.be\/_6nrK32LifM?autoplay=1&#8243; align=&#8221;center&#8221;][\/vc_column][\/vc_row][vc_row][vc_column][\/vc_column][\/vc_row]<\/p>\n ","protected":false},"excerpt":{"rendered":"<p>[vc_row hygge_layout=&#8221;full&#8221;][vc_column][rev_slider_vc alias=&#8221;FullScreenSlider&#8221;][\/vc_column][\/vc_row][vc_row hygge_layout=&#8221;half&#8221; css=&#8221;.vc_custom_1462667310713{background-image: url(https:\/\/confrariadopaodaregueifaedobiscoitodevalongo.com\/confraria\/wp-content\/uploads\/2015\/08\/esquerda-padeira.png?id=727) !important;}&#8221;][vc_column][vc_column_text] A Confraria Ainda est\u00e1 na mem\u00f3ria das gentes&#8230;<\/p>\n","protected":false},"author":1,"featured_media":0,"parent":0,"menu_order":0,"comment_status":"open","ping_status":"open","template":"","meta":[],"_links":{"self":[{"href":"https:\/\/confrariadopaodaregueifaedobiscoitodevalongo.com\/confraria\/wp-json\/wp\/v2\/pages\/373"}],"collection":[{"href":"https:\/\/confrariadopaodaregueifaedobiscoitodevalongo.com\/confraria\/wp-json\/wp\/v2\/pages"}],"about":[{"href":"https:\/\/confrariadopaodaregueifaedobiscoitodevalongo.com\/confraria\/wp-json\/wp\/v2\/types\/page"}],"author":[{"embeddable":true,"href":"https:\/\/confrariadopaodaregueifaedobiscoitodevalongo.com\/confraria\/wp-json\/wp\/v2\/users\/1"}],"replies":[{"embeddable":true,"href":"https:\/\/confrariadopaodaregueifaedobiscoitodevalongo.com\/confraria\/wp-json\/wp\/v2\/comments?post=373"}],"version-history":[{"count":19,"href":"https:\/\/confrariadopaodaregueifaedobiscoitodevalongo.com\/confraria\/wp-json\/wp\/v2\/pages\/373\/revisions"}],"predecessor-version":[{"id":1435,"href":"https:\/\/confrariadopaodaregueifaedobiscoitodevalongo.com\/confraria\/wp-json\/wp\/v2\/pages\/373\/revisions\/1435"}],"wp:attachment":[{"href":"https:\/\/confrariadopaodaregueifaedobiscoitodevalongo.com\/confraria\/wp-json\/wp\/v2\/media?parent=373"}],"curies":[{"name":"wp","href":"https:\/\/api.w.org\/{rel}","templated":true}]}}