{"id":733,"date":"2016-05-08T16:39:15","date_gmt":"2016-05-08T15:39:15","guid":{"rendered":"http:\/\/confrariadopaodaregueifaedobiscoitodevalongo.com\/confraria\/?page_id=733"},"modified":"2016-05-26T02:24:32","modified_gmt":"2016-05-26T01:24:32","slug":"historia","status":"publish","type":"page","link":"https:\/\/confrariadopaodaregueifaedobiscoitodevalongo.com\/confraria\/historia\/","title":{"rendered":"Hist\u00f3ria"},"content":{"rendered":"<p>[vc_row][vc_column width=&#8221;2\/3&#8243;][vc_column_text]<\/p>\n<p style=\"text-align: justify;\">Valongo, desde tempos imemoriais, foi o principal fornecedor do p\u00e3o da cidade do Porto. O seu desenvolvimento at\u00e9 o s\u00e9c. XIX, est\u00e1 claramente ligado \u00e0 moagem do trigo e \u00e0 sua transforma\u00e7\u00e3o e comercializa\u00e7\u00e3o.<\/p>\n<p style=\"text-align: justify;\">Numa primeira fase, este facto deve-se ao lavor dos almocreves de Valongo da Estrada, que traziam o trigo do interior transmontano e o levavam para a cidade, sendo que algum desse trigo j\u00e1 ia transformado em p\u00e3o de Valongo.<\/p>\n<p style=\"text-align: justify;\">Ter\u00e1 sido no s\u00e9c. XVI, devido ao acentuado aumento demogr\u00e1fico da cidade do Porto e \u00e0 necessidade de abastecer os seus habitantes da principal base da alimenta\u00e7\u00e3o da \u00e9poca, que Valongo se transformou no principal centro panificador da regi\u00e3o.<\/p>\n<p style=\"text-align: justify;\">Valongo \u00e9 beneficiado pela sua situa\u00e7\u00e3o geogr\u00e1fica de proximidade com o Porto e, principalmente, pelos in\u00fameros moinhos nas margens do rio Ferreira, que permitiam moer o trigo que a\u00ed chegava, via almocreves, e, principalmente, por via fluvial e mar\u00edtima, j\u00e1 que o trigo, que chegava ao porto de Gramido, em Valbom-Gondomar, nas barcas do Douro e ainda nos barcos vindos do estrangeiro, era levado em carros de bois at\u00e9 os moinhos do rio Ferreira para ai ser transformado em farinha de qualidade. O trigo estrangeiro e transmontano era de qualidade superior ao trigo produzido do Douro litoral.<\/p>\n<p style=\"text-align: justify;\">Esta farinha era, depois, levada para Valongo, onde, atrav\u00e9s da maestria dos seus padeiros, da qualidade da \u00e1gua usada na confe\u00e7\u00e3o e das lenhas usadas na sua cozedura \u00a0resultava num p\u00e3o de excelente qualidade, t\u00e3o apreciado no Porto, como pode ser constatado em in\u00fameros relatos que chegaram at\u00e9 aos nossos dias.<\/p>\n<p style=\"text-align: justify;\">Outro fator importante para o fornecimento do p\u00e3o ao Porto, est\u00e1 relacionado com os benef\u00edcios fiscais que as padeiras e o moageiros de Valongo iam recebendo do Porto. Existiu, na cidade do Porto, uma pol\u00edtica de prote\u00e7\u00e3o aos padeiros e moageiros de Valongo, para que n\u00e3o houvesse car\u00eancia deste importante produto dentro da cidade, chegando mesmo a isentar de impostos, n\u00e3o s\u00f3 a entrada do p\u00e3o mas tamb\u00e9m isentar de impostos o trigo que chegava via porto de Gramido a Valongo. Certo \u00e9 que, em alturas de abund\u00e2ncia, estas isen\u00e7\u00f5es eram revogadas.<\/p>\n<p style=\"text-align: justify;\">Com a entrada no s\u00e9c. XIX, numa conjuntura de lutas contra os franceses seguidas de lutas liberais e ainda do in\u00edcio da utiliza\u00e7\u00e3o da moagem a vapor, Valongo come\u00e7a a perder a import\u00e2ncia no abastecimento da cidade, mas nunca deixa de o fazer, at\u00e9 aos nossos dias, devido \u00e0 qualidade e fama dos seus produtos.<\/p>\n<p style=\"text-align: justify;\">\u00c9 nesta altura que se incrementa o fabrico dos biscoitos de Valongo, para satisfazer uma clientela de um maior poder econ\u00f3mico, com produtos de qualidade e com uma maior durabilidade.<\/p>\n<p style=\"text-align: justify;\">Ainda est\u00e1 na mem\u00f3ria das gentes do Porto as padeiras de Valongo que, com \u201ccanastras\u201d \u00e0 cabe\u00e7a, vendiam, pelas ruas da cidade, os seus produtos de elei\u00e7\u00e3o.<\/p>\n<p style=\"text-align: justify;\">O p\u00e3o de Valongo, do qual se destaca a afamada regueifa e os biscoitos de Valongo, \u00e9 um patrim\u00f3nio material e imaterial que urge preservar e manter bem vivo na mem\u00f3ria das gentes. Para que este legado n\u00e3o se perca, um grupo de valonguenses, ligado a v\u00e1rias \u00e1reas profissionais, uniu-se com o intuito de o preservar, defender e promover.<\/p>\n<p style=\"text-align: justify;\">\u00a0Assim, a 4 de junho de 2015 materializaram essa inten\u00e7\u00e3o com a cria\u00e7\u00e3o de uma Associa\u00e7\u00e3o, sendo essa a \u201cprimeira fornada\u201d da CONFRARIA DO P\u00c3O, DA REGUEIFA E DO BISCOITO. A esses juntaram-se outros, pelo que, passado um ano, mais precisamente no pr\u00f3ximo dia 4 de junho (2016), realizar-se-\u00e1 o I Cap\u00edtulo, em que v\u00e3o ser entronizados mais de cem Confrades, entre Confrades Fundadores e Honor\u00e1rios.<\/p>\n<p style=\"text-align: justify;\">Grupo das Tradi\u00e7\u00f5es<\/p>\n<p>[\/vc_column_text][\/vc_column][vc_column width=&#8221;1\/3&#8243;][vc_widget_sidebar sidebar_id=&#8221;cs-1&#8243;][vc_column_text]<div class=\"otw-sidebar otw-sidebar-1 otw-sidebar-vertical\"><div class=\"widget otw-widget-1 widget-first widget_text\"><h2 class=\"widgettitle\">Artigos do Ba\u00fa &#8230;<\/h2>\n\t\t\t<div class=\"textwidget\"><p>- <a href=\"http:\/\/confrariadopaodaregueifaedobiscoitodevalongo.com\/confraria\/2017\/02\/04\/revista\/\" target=\"_self\" rel=\"noopener\">Revista - Valongo tem grude <\/a><\/p>\r\n<p>- <a href=\"http:\/\/confrariadopaodaregueifaedobiscoitodevalongo.com\/confraria\/2017\/02\/04\/proverbios\/\">Prov&eacute;rbios sobre o p&atilde;o <\/a><\/p>\r\n\r\n<p><a href=\"http:\/\/confrariadopaodaregueifaedobiscoitodevalongo.com\/confraria\/2017\/03\/30\/vivencia\/\">- Viv\u00eancias <\/a>\r\n<p><a href=\"http:\/\/confrariadopaodaregueifaedobiscoitodevalongo.com\/confraria\/2017\/10\/27\/os-padeiros-e-o-seu-trabalho\/\">- Os Padeiros ... <\/a><\/div>\n\t\t<\/div><\/div>[\/vc_column_text][\/vc_column][\/vc_row]<\/p>\n ","protected":false},"excerpt":{"rendered":"<p>[vc_row][vc_column width=&#8221;2\/3&#8243;][vc_column_text] Valongo, desde tempos imemoriais, foi o principal fornecedor do p\u00e3o da cidade do&#8230;<\/p>\n","protected":false},"author":1,"featured_media":0,"parent":0,"menu_order":0,"comment_status":"closed","ping_status":"closed","template":"","meta":[],"_links":{"self":[{"href":"https:\/\/confrariadopaodaregueifaedobiscoitodevalongo.com\/confraria\/wp-json\/wp\/v2\/pages\/733"}],"collection":[{"href":"https:\/\/confrariadopaodaregueifaedobiscoitodevalongo.com\/confraria\/wp-json\/wp\/v2\/pages"}],"about":[{"href":"https:\/\/confrariadopaodaregueifaedobiscoitodevalongo.com\/confraria\/wp-json\/wp\/v2\/types\/page"}],"author":[{"embeddable":true,"href":"https:\/\/confrariadopaodaregueifaedobiscoitodevalongo.com\/confraria\/wp-json\/wp\/v2\/users\/1"}],"replies":[{"embeddable":true,"href":"https:\/\/confrariadopaodaregueifaedobiscoitodevalongo.com\/confraria\/wp-json\/wp\/v2\/comments?post=733"}],"version-history":[{"count":9,"href":"https:\/\/confrariadopaodaregueifaedobiscoitodevalongo.com\/confraria\/wp-json\/wp\/v2\/pages\/733\/revisions"}],"predecessor-version":[{"id":791,"href":"https:\/\/confrariadopaodaregueifaedobiscoitodevalongo.com\/confraria\/wp-json\/wp\/v2\/pages\/733\/revisions\/791"}],"wp:attachment":[{"href":"https:\/\/confrariadopaodaregueifaedobiscoitodevalongo.com\/confraria\/wp-json\/wp\/v2\/media?parent=733"}],"curies":[{"name":"wp","href":"https:\/\/api.w.org\/{rel}","templated":true}]}}