{"id":796,"date":"2016-05-16T20:14:38","date_gmt":"2016-05-16T19:14:38","guid":{"rendered":"http:\/\/confrariadopaodaregueifaedobiscoitodevalongo.com\/confraria\/?page_id=796"},"modified":"2016-05-26T02:17:22","modified_gmt":"2016-05-26T01:17:22","slug":"objectivos","status":"publish","type":"page","link":"https:\/\/confrariadopaodaregueifaedobiscoitodevalongo.com\/confraria\/objectivos\/","title":{"rendered":"Objectivos"},"content":{"rendered":"<p>[vc_row][vc_column width=&#8221;2\/3&#8243;][vc_column_text]<\/p>\n<p style=\"text-align: justify;\">A Confraria tem por objeto o estudo, a defesa, o prest\u00edgio, a valoriza\u00e7\u00e3o, a promo\u00e7\u00e3o, a consolida\u00e7\u00e3o da qualidade e divulga\u00e7\u00e3o do P\u00e3o, da Regueifa e dos Biscoitos de Valongo, enquanto valores gastron\u00f3micos e de interesse econ\u00f3mico local.<br \/>\nNo \u00e2mbito da sua atividade e para a prossecu\u00e7\u00e3o do seu objeto, s\u00e3o atribui\u00e7\u00f5es da Confraria, nomeadamente as seguintes:<\/p>\n<ul>\n<li style=\"text-align: justify;\">Promover o estudo, a defesa, o prest\u00edgio, a valoriza\u00e7\u00e3o, a promo\u00e7\u00e3o, a preserva\u00e7\u00e3o, a consolida\u00e7\u00e3o da qualidade e a divulga\u00e7\u00e3o do P\u00e3o, da Regueifa e do Biscoito de Valongo;<\/li>\n<li style=\"text-align: justify;\">Relacionar a gastronomia do P\u00e3o, da Regueifa e do Biscoito de Valongo com a tradi\u00e7\u00e3o, o turismo, o artesanato, a arte, a ci\u00eancia, a cultura, a literatura e o ambiente;<\/li>\n<li style=\"text-align: justify;\">Velar pela preserva\u00e7\u00e3o e promover o conhecimento dos moinhos de \u00e1gua e de vento da \u00e1rea de atua\u00e7\u00e3o da Confraria.<\/li>\n<\/ul>\n<p>As atribui\u00e7\u00f5es enunciadas anteriormente s\u00e3o prosseguidas atrav\u00e9s das seguintes a\u00e7\u00f5es:<\/p>\n<ul>\n<li style=\"text-align: justify;\">Promo\u00e7\u00e3o e apoio de medidas tendentes \u00e0 preserva\u00e7\u00e3o da autenticidade do P\u00e3o, da Regueifa e do Biscoito de Valongo;<\/li>\n<li style=\"text-align: justify;\">Promo\u00e7\u00e3o, organiza\u00e7\u00e3o, apoio ou patroc\u00ednio de encontros, conv\u00edvios, visitas, provas, concursos ou festivais gastron\u00f3micos onde o P\u00e3o, a Regueifa e o Biscoito tenham especial relev\u00e2ncia, com vista \u00e0 sua divulga\u00e7\u00e3o numa perspetiva pedag\u00f3gico-cultural;<\/li>\n<li style=\"text-align: justify;\">Promo\u00e7\u00e3o do interc\u00e2mbio com organiza\u00e7\u00f5es nacionais e estrangeiras no \u00e2mbito dos objetivos prosseguidos;<\/li>\n<li style=\"text-align: justify;\">Apoio, promo\u00e7\u00e3o e reconhecimento do estudo e divulga\u00e7\u00e3o de trabalhos sobre o P\u00e3o, a Regueifa e o Biscoito de Valongo;<\/li>\n<li style=\"text-align: justify;\">Valoriza\u00e7\u00e3o e reconhecimento do m\u00e9rito de pessoas individuais e coletivas que, merc\u00ea do seu conhecimento e experi\u00eancia adquirida, se destacam no labor dedicado \u00e0 confe\u00e7\u00e3o genu\u00edna do P\u00e3o, da Regueifa e do Biscoito de Valongo.<\/li>\n<li style=\"text-align: justify;\">Promo\u00e7\u00e3o da edi\u00e7\u00e3o de material de informa\u00e7\u00e3o.<\/li>\n<\/ul>\n<p>[\/vc_column_text][\/vc_column][vc_column width=&#8221;1\/3&#8243;][vc_widget_sidebar sidebar_id=&#8221;otw-sidebar-1&#8243;][\/vc_column][\/vc_row]<\/p>\n ","protected":false},"excerpt":{"rendered":"<p>[vc_row][vc_column width=&#8221;2\/3&#8243;][vc_column_text] A Confraria tem por objeto o estudo, a defesa, o prest\u00edgio, a valoriza\u00e7\u00e3o,&#8230;<\/p>\n","protected":false},"author":1,"featured_media":0,"parent":0,"menu_order":0,"comment_status":"closed","ping_status":"closed","template":"","meta":[],"_links":{"self":[{"href":"https:\/\/confrariadopaodaregueifaedobiscoitodevalongo.com\/confraria\/wp-json\/wp\/v2\/pages\/796"}],"collection":[{"href":"https:\/\/confrariadopaodaregueifaedobiscoitodevalongo.com\/confraria\/wp-json\/wp\/v2\/pages"}],"about":[{"href":"https:\/\/confrariadopaodaregueifaedobiscoitodevalongo.com\/confraria\/wp-json\/wp\/v2\/types\/page"}],"author":[{"embeddable":true,"href":"https:\/\/confrariadopaodaregueifaedobiscoitodevalongo.com\/confraria\/wp-json\/wp\/v2\/users\/1"}],"replies":[{"embeddable":true,"href":"https:\/\/confrariadopaodaregueifaedobiscoitodevalongo.com\/confraria\/wp-json\/wp\/v2\/comments?post=796"}],"version-history":[{"count":6,"href":"https:\/\/confrariadopaodaregueifaedobiscoitodevalongo.com\/confraria\/wp-json\/wp\/v2\/pages\/796\/revisions"}],"predecessor-version":[{"id":829,"href":"https:\/\/confrariadopaodaregueifaedobiscoitodevalongo.com\/confraria\/wp-json\/wp\/v2\/pages\/796\/revisions\/829"}],"wp:attachment":[{"href":"https:\/\/confrariadopaodaregueifaedobiscoitodevalongo.com\/confraria\/wp-json\/wp\/v2\/media?parent=796"}],"curies":[{"name":"wp","href":"https:\/\/api.w.org\/{rel}","templated":true}]}}