{"id":905,"date":"2016-06-03T21:57:59","date_gmt":"2016-06-03T20:57:59","guid":{"rendered":"http:\/\/confrariadopaodaregueifaedobiscoitodevalongo.com\/confraria\/?page_id=905"},"modified":"2022-02-10T00:52:49","modified_gmt":"2022-02-09T23:52:49","slug":"confrades-2","status":"publish","type":"page","link":"https:\/\/confrariadopaodaregueifaedobiscoitodevalongo.com\/confraria\/confrades-2\/","title":{"rendered":"CONFRADES EFETIVOS"},"content":{"rendered":"<p>[vc_row][vc_column width=&#8221;2\/3&#8243;][vc_column_text]<\/p>\n<h3>Confrades Efetivos<\/h3>\n<h3>Ano de 2016 (Fundadores)<\/h3>\n<p>Ant\u00f3nio Castro Alves Aguiar<br \/>\nH\u00e9lio Fernando da Silva Rebelo<br \/>\nHil\u00e1rio J\u00falio Moreira Jorge Coelho<br \/>\nManuel da Silva Po\u00e7as<br \/>\nManuel Nogueira da Rocha<br \/>\nMargarida Maria Dias de Sousa<br \/>\nMaria Encarna\u00e7\u00e3o Moreira Guimar\u00e3es<br \/>\nRosa Maria Ara\u00fajo Dias do Vale<br \/>\nRosa Maria Martins Rocha<br \/>\nTiago Jorge Moreira da Cunha<br \/>\nAna Sofia Sousa Melo<br \/>\nAnt\u00f3nio Augusto Moreira Castro Paup\u00e9rio<br \/>\nAnt\u00f3nio C\u00e2ndido Santos Castro Paup\u00e9rio<br \/>\nDaniel Torres Gon\u00e7alves<br \/>\nDaniela Maria Sampaio Ribeiro<br \/>\nEduardo Ferreira de Sousa<br \/>\nFernando Luis Marta Neves<br \/>\nIvo Vale das Neves<br \/>\nJo\u00e3o Paulo Silva Pereira<br \/>\nJo\u00e3o Ruas Moreira<br \/>\nJorge Manuel Moreira Dias<br \/>\nJos\u00e9 Manuel Celestino Russo Ferreira<br \/>\nJos\u00e9 Manuel Pereira Ribeiro<br \/>\nJos\u00e9 Vitorino Quelhas Ferreira<br \/>\nLu\u00eds Teixeira de Azevedo \u2628\u2628\u2628<br \/>\nLu\u00edsa Maria Correia Oliveira<br \/>\nManuel Fernando da Silva Carneiro<br \/>\nMaria Celeste Vale Ferreira da Rocha Aguiar<br \/>\nMaria da Purifica\u00e7\u00e3o Matos F. Ribeiro<br \/>\nMaria de F\u00e1tima Antunes Oliveira Esteves<br \/>\nMaria de F\u00e1tima Cam\u00f5es<br \/>\nMaria Fernanda Alves Branco<br \/>\nMaria Helena A. O. Esteves Azevedo Lobo<br \/>\nMaria Jorge da Rocha Dias Ruivo<br \/>\nMaria Lina Vale de Castro Neves<br \/>\nMaria Manuela Alves Branco<br \/>\nNuno Ant\u00f3nio Dias Monteiro<br \/>\nOct\u00e1vio Jos\u00e9 da Silva Pereira<br \/>\nOrlando Gaspar Rodrigues<br \/>\nPaula Concei\u00e7\u00e3o Silva Moreira<br \/>\nPaulo Jorge Monteiro Vieira<br \/>\nPedro Ribeiro Ferreira<br \/>\nRui Manuel Gon\u00e7alves Ferreira<br \/>\nVitorino da Silva Neves<br \/>\nIsabel Maria Rodrigues de Castro Santos Silva<br \/>\nMargarida de Oliveira carvalho<br \/>\nJo\u00e3o Pedro Martins Costa<br \/>\nArmanda Manuela Matos Teixeira Raposo<br \/>\nJo\u00e3o Carlos Leit\u00e3o Ribeiro<br \/>\nHugo S\u00e9rgio Azeredo Carvalho Monteiro<br \/>\nPaup\u00e9rio &#8211; Distribui\u00e7\u00e3o, Lda<br \/>\nDivino Doce, Panifica\u00e7\u00e3o Lda<br \/>\nCarlos Jorge Sousa Oliveira<br \/>\nBruno Miguel Cordeiro Pereira da Silva<br \/>\nAna Cec\u00edlia Castro Ferreira Aguiar<br \/>\nMaria Celeste Castro Ferreira Aguiar<br \/>\nJos\u00e9 Fernando Santos Castro<br \/>\nManuel Marques Nogueira dos Santos<br \/>\nJos\u00e9 Augusto Coelho Abreu Costa<br \/>\nAlexandre Manuel da silva Teixeira<br \/>\nJos\u00e9 Alberto Puig dos Santos Costa \u2628\u2628\u2628<br \/>\nJos\u00e9 Carmindo Santos Cardoso<br \/>\nTim\u00f3teo Jorge Moreira<br \/>\nRui Jo\u00e3o Silva Marques<br \/>\nDuarte Menezes Soares<br \/>\nFrancisco Jos\u00e9 Santos Marques<br \/>\nCarla Cristina Queir\u00f3s Ferreira Marques<br \/>\nAna Margarida dos Santos Jorge Coelho<br \/>\nCla\u00fadia Maria Andrade Gon\u00e7alves Lima<br \/>\nJos\u00e9 Em\u00edlio da Silva Pereira<br \/>\nRui Manuel dos Santos Marques<br \/>\nRui Miguel Pereira Marques<br \/>\nManuel Luis Cruz Henriques<br \/>\nVitor Bruno Martins da Costa<br \/>\nCarla Maria Campo de Freitas Ribeiro<br \/>\nIlda Ferreira Rodrigues e Ferreira de Abreu<br \/>\nAna Rita Pereira da Cruz<br \/>\nEmilio Ferreira Alves da Cruz<br \/>\nMaria do Carmo Castro Garrido<br \/>\nAnt\u00f3nio Manuel Esteves Monteiro<br \/>\nLisete da concei\u00e7\u00e3o Martins Paranhos de Oliveira<br \/>\nAnt\u00f3nio Joaquim Pires Raposo<br \/>\nFernando Jos\u00e9 Le\u00e3o Silva Machado<br \/>\nAgostinho Mendes da Rocha<br \/>\nFrancisca Maria Dias de Sousa Estrela<br \/>\nMaria Margarida Costa Ferreira<br \/>\nHelena Maria Mimoso Guindeira Ferreirinha<br \/>\nJos\u00e9 Manuel Ferreirinha<br \/>\nAbilio Jos\u00e9 Vilas Boas Ribeiro<br \/>\nElisabeth Trindade<br \/>\nTeresa Dias do Vale e Amador Cruz<br \/>\nMaria Fernanda da Silva Almeida<br \/>\nM\u00e1rio Fernando Oliveira Moreira<br \/>\nPaulo Jorge Esteves Ferreira<br \/>\nAna Gon\u00e7alves Pinto Pereira Barbosa<br \/>\nAna Paula Gon\u00e7alves Barbosa<\/p>\n<h3>&#8212;&#8212;&#8212;&#8212;&#8212;&#8212;&#8212;&#8212;&#8212;&#8211;<br \/>\n&#8211; Ano de 2017<br \/>\n&#8212;&#8212;&#8212;&#8212;&#8212;&#8212;&#8212;&#8212;&#8212;&#8211;<\/h3>\n<p>Albino da Silva Martins Po\u00e7as<br \/>\nIsmael Pinto Louren\u00e7o<br \/>\nMaria da Trindade Morgado do Vale<br \/>\nAnt\u00f3nio Paulo da Rocha Machado<br \/>\nVitor Fernando Moura Pinheiro<br \/>\nAna Gabriela Carvalho Oliveira<br \/>\nV\u00e2nia Raquel da Costa Ribeiro<br \/>\nLaura Emilia da Rocha Reis<br \/>\nS\u00e9rgio Ricardo Monteiro Pinto<br \/>\nJos\u00e9 da Rocha Teixeira<br \/>\nAna Paula Alves Pinheiro<br \/>\nMaria C\u00e9lia Alves Pinheiro Miguel<br \/>\nB\u00e1rbara Pinheiro Baltarejo<br \/>\nMaria Ant\u00f3nia Ribeiro de Sousa Gomes<br \/>\nVioleta Aguiar da Silva<br \/>\nMaria Jo\u00e3o da Silva Pereira<br \/>\nPaula Maria Moreira da Rocha Pereira<br \/>\nMaria Ad\u00edlia Loureiro Garcia Pereira<br \/>\nJos\u00e9 Manuel da silva Almeida Machado<br \/>\nRodrigo Lopes da Cruz Alves dos Santos<br \/>\nMaria Ivone Sampaio Ribeiro<br \/>\nNair da Concei\u00e7\u00e3o Narciso Cardoso Monteiro<br \/>\nMaria Isilda da Concei\u00e7\u00e3o Ara\u00fajo<br \/>\nVitor Jos\u00e9 Pereira Barbosa<br \/>\nJoaquim Moreira Gon\u00e7alves<br \/>\nF\u00e1brica de Biscoitos Doceneves, Lda<br \/>\nManuel Luis da Cunha Ferreira<\/p>\n<h3>&#8212;&#8212;&#8212;&#8212;&#8212;&#8212;&#8212;&#8212;&#8212;&#8211;<br \/>\n&#8211; Ano de 2018<br \/>\n&#8212;&#8212;&#8212;&#8212;&#8212;&#8212;&#8212;&#8212;&#8212;&#8211;<\/h3>\n<p>Susana Alexandra Queir\u00f3s Tavares<br \/>\nAna Maria Teixeira Marques Rocha<br \/>\nAna Maria Gon\u00e7alves as Neves Castro Paup\u00e9rio<br \/>\nMaria Miguel Pinto Silva Pereira<br \/>\nLeonardo Andr\u00e9 Fonseca Pinheiro<br \/>\nC\u00e1tia Alexandra Coutinho Ferreira<br \/>\nEduardo Jorge de Andrade Moutinho<br \/>\nLuis Miguel Carvalho Pereira<br \/>\nFelicidade Maria de Sousa Pereira<br \/>\nMaria Teresa Almeida Alves<br \/>\nMargarida Sofia Galaghar Dias Alves<br \/>\nM\u00e1rio Rui Oliveiro Monteiro<br \/>\nCarlos Alberto Antunes Ribeiro<br \/>\nCarlos Alberto Ferreira Lima<br \/>\nMaria Em\u00edlia Ribeiro da Silva Pombo<\/p>\n<h3>&#8212;&#8212;&#8212;&#8212;&#8212;&#8212;&#8212;&#8212;&#8212;&#8211;<br \/>\n&#8211; Ano de 2019<br \/>\n&#8212;&#8212;&#8212;&#8212;&#8212;&#8212;&#8212;&#8212;&#8212;&#8211;<\/h3>\n<p>Ant\u00f3nio Fernando Ferreira Tavares<br \/>\nAd\u00e9lia Barros de Queir\u00f3s Tavares<br \/>\nHugo Gon\u00e7alo Tavares Ribeiro<br \/>\nMaria da Gl\u00f3ria Ferreira dos Santos<br \/>\nConfeitaria e P\u00e3o Quente Damira<br \/>\nSusana Matos Ferreira<br \/>\nMaria Malta Fernandes<br \/>\nPadaria Irm\u00e3os Moreira, Lda<br \/>\nLiliana Andrea Loureiro Moreira<br \/>\nJos\u00e9 Manuel Pereira<br \/>\nDomingos Barbosa Pereira<br \/>\nAna Isabel Pereira Enes<br \/>\nNuno Miguel Borges Pinheiro Cardoso<br \/>\nMaria da Gl\u00f3ria Lopes Ferreira Meirinho<br \/>\nAnt\u00f3nio Norberto Bernardo Meirinho<br \/>\nMaria Eduarda das Neves Oliveira<br \/>\nPanfino &#8211; Jos\u00e9 Manuel Gomes da Cunha e C.\u00aa Lda<\/p>\n<p>\u2628\u2628\u2628 Falecido[\/vc_column_text][\/vc_column][vc_column width=&#8221;1\/3&#8243;][vc_widget_sidebar sidebar_id=&#8221;otw-sidebar-1&#8243;][\/vc_column][\/vc_row]<\/p>\n ","protected":false},"excerpt":{"rendered":"<p>[vc_row][vc_column width=&#8221;2\/3&#8243;][vc_column_text] Confrades Efetivos Ano de 2016 (Fundadores) Ant\u00f3nio Castro Alves Aguiar H\u00e9lio Fernando da&#8230;<\/p>\n","protected":false},"author":1,"featured_media":0,"parent":0,"menu_order":0,"comment_status":"closed","ping_status":"closed","template":"","meta":[],"_links":{"self":[{"href":"https:\/\/confrariadopaodaregueifaedobiscoitodevalongo.com\/confraria\/wp-json\/wp\/v2\/pages\/905"}],"collection":[{"href":"https:\/\/confrariadopaodaregueifaedobiscoitodevalongo.com\/confraria\/wp-json\/wp\/v2\/pages"}],"about":[{"href":"https:\/\/confrariadopaodaregueifaedobiscoitodevalongo.com\/confraria\/wp-json\/wp\/v2\/types\/page"}],"author":[{"embeddable":true,"href":"https:\/\/confrariadopaodaregueifaedobiscoitodevalongo.com\/confraria\/wp-json\/wp\/v2\/users\/1"}],"replies":[{"embeddable":true,"href":"https:\/\/confrariadopaodaregueifaedobiscoitodevalongo.com\/confraria\/wp-json\/wp\/v2\/comments?post=905"}],"version-history":[{"count":10,"href":"https:\/\/confrariadopaodaregueifaedobiscoitodevalongo.com\/confraria\/wp-json\/wp\/v2\/pages\/905\/revisions"}],"predecessor-version":[{"id":1237,"href":"https:\/\/confrariadopaodaregueifaedobiscoitodevalongo.com\/confraria\/wp-json\/wp\/v2\/pages\/905\/revisions\/1237"}],"wp:attachment":[{"href":"https:\/\/confrariadopaodaregueifaedobiscoitodevalongo.com\/confraria\/wp-json\/wp\/v2\/media?parent=905"}],"curies":[{"name":"wp","href":"https:\/\/api.w.org\/{rel}","templated":true}]}}