{"id":909,"date":"2016-06-03T22:01:03","date_gmt":"2016-06-03T21:01:03","guid":{"rendered":"http:\/\/confrariadopaodaregueifaedobiscoitodevalongo.com\/confraria\/?page_id=909"},"modified":"2017-06-15T14:41:55","modified_gmt":"2017-06-15T13:41:55","slug":"confrades-2-2","status":"publish","type":"page","link":"https:\/\/confrariadopaodaregueifaedobiscoitodevalongo.com\/confraria\/confrades-2-2\/","title":{"rendered":"CONFRADES BENEM\u00c9RITOS"},"content":{"rendered":"<p>[vc_row][vc_column width=&#8221;2\/3&#8243;][vc_column_text]<\/p>\n<h3>CONFRADES BENEM\u00c9RITOS<\/h3>\n<h3>&#8211; Ano de\u00a02016<\/h3>\n<p><em>n\u00e3o existiu admiss\u00e3o de confrades benem\u00e9ritos<\/em><\/p>\n<h3>&#8211; Ano de\u00a02017<\/h3>\n<p>Munic\u00edpio de Valongo[\/vc_column_text][\/vc_column][vc_column width=&#8221;1\/3&#8243;][vc_widget_sidebar sidebar_id=&#8221;otw-sidebar-1&#8243;][\/vc_column][\/vc_row]<\/p>\n ","protected":false},"excerpt":{"rendered":"<p>[vc_row][vc_column width=&#8221;2\/3&#8243;][vc_column_text] CONFRADES BENEM\u00c9RITOS &#8211; Ano de\u00a02016 n\u00e3o existiu admiss\u00e3o de confrades benem\u00e9ritos &#8211; Ano&#8230;<\/p>\n","protected":false},"author":1,"featured_media":0,"parent":0,"menu_order":0,"comment_status":"closed","ping_status":"closed","template":"","meta":[],"_links":{"self":[{"href":"https:\/\/confrariadopaodaregueifaedobiscoitodevalongo.com\/confraria\/wp-json\/wp\/v2\/pages\/909"}],"collection":[{"href":"https:\/\/confrariadopaodaregueifaedobiscoitodevalongo.com\/confraria\/wp-json\/wp\/v2\/pages"}],"about":[{"href":"https:\/\/confrariadopaodaregueifaedobiscoitodevalongo.com\/confraria\/wp-json\/wp\/v2\/types\/page"}],"author":[{"embeddable":true,"href":"https:\/\/confrariadopaodaregueifaedobiscoitodevalongo.com\/confraria\/wp-json\/wp\/v2\/users\/1"}],"replies":[{"embeddable":true,"href":"https:\/\/confrariadopaodaregueifaedobiscoitodevalongo.com\/confraria\/wp-json\/wp\/v2\/comments?post=909"}],"version-history":[{"count":2,"href":"https:\/\/confrariadopaodaregueifaedobiscoitodevalongo.com\/confraria\/wp-json\/wp\/v2\/pages\/909\/revisions"}],"predecessor-version":[{"id":1058,"href":"https:\/\/confrariadopaodaregueifaedobiscoitodevalongo.com\/confraria\/wp-json\/wp\/v2\/pages\/909\/revisions\/1058"}],"wp:attachment":[{"href":"https:\/\/confrariadopaodaregueifaedobiscoitodevalongo.com\/confraria\/wp-json\/wp\/v2\/media?parent=909"}],"curies":[{"name":"wp","href":"https:\/\/api.w.org\/{rel}","templated":true}]}}